{"id":112,"date":"2013-03-28T10:33:04","date_gmt":"2013-03-28T08:33:04","guid":{"rendered":"https:\/\/www.scoalabocsa.ro\/?page_id=112"},"modified":"2026-03-12T07:37:00","modified_gmt":"2026-03-12T05:37:00","slug":"informatii-utile-pentru-parinti","status":"publish","type":"page","link":"https:\/\/www.scoalabocsa.ro\/?page_id=112","title":{"rendered":"Informatii utile pentru parinti"},"content":{"rendered":"<p>&nbsp;<\/p>\n<h4 style=\"text-align: center;\"><span style=\"color: #ff0000;\">Stima\u021bi p\u0103rin\u021bi ai copiilor din grupa mare !<\/span><\/h4>\n<p>&nbsp;<\/p>\n<p>VRE\u021aI S\u0102 V\u0102 JUCA\u021aI, S\u0102 \u00ceNV\u0102\u021aA\u021aI, S\u0102 EXPLORA\u021aI \u0218I S\u0102 V\u0102 PETRECE\u021aI TIMPUL CU NOI? V\u0102 A\u0218TEPT\u0102M S\u0102 V\u0102 AL\u0102TURA\u021aI&nbsp; CLASEI PREG\u0102TITOARE DIN INCINTA \u0218COLII GIMNAZIALE \u201cSIMION B\u0102RNU\u021aIU\u201dBOC\u0218A, PRIN \u00ceNSCRIERE LA SECRETARIATUL \u0218COLII<\/p>\n<p>Clasa preg\u0103titoare&nbsp;\u00eenl\u0103tur\u0103 trecerea brutal\u0103 de la gr\u0103dini\u0163\u0103 la \u015fcoal\u0103. Rolul&nbsp;clasei preg\u0103titoare&nbsp;este acela de a obi\u0219nui copilul cu modul de socializare \u00eentr-un mediu organizat, fapt care contribuie la dezvoltarea personalit\u0103\u021bii lui.<\/p>\n<p>Clasa preg\u0103titoare reprezint\u0103 \u201clinia fin\u0103 dintre inocen\u0163a gr\u0103dini\u0163ei \u015fi seriozitatea \u015fcolii\u201d, fiind&nbsp;<span style=\"color: #ff0000;\"><strong>prima etap\u0103 din \u00eenv\u0103\u0163\u0103m\u00e2ntul primar<\/strong><\/span>&nbsp;\u015fi oferind un start mai bun \u00een via\u0163a \u015fcolar\u0103. Programa de comunicare de la clasa preg\u0103titoare urm\u0103re\u015fte dezvoltarea capacit\u0103\u0163ii copilului de a-\u015fi comunica propriile idei, opinii, g\u00e2nduri \u015fi sentimente, \u00eentr-un mod accesibil, c\u00e2t \u015fi apropierea de lumea c\u0103r\u0163ilor, de mijloacele de informare \u015fi nu \u00een ultimul r\u00e2nd, de ceilal\u0163i copii.<\/p>\n<p>Clasa preg\u0103titoare are rolul de a facilita integrarea copiilor la \u015fcoal\u0103, reprezent\u00e2nd un an extra de \u00eenv\u0103\u0163\u0103m\u00e2nt, care face tranzi\u0163ia de la gr\u0103dini\u0163\u0103 la \u015fcoal\u0103. Ei vor \u00eenv\u0103\u0163a s\u0103 fie mai responsabili \u015fi despre \u00eenseamn\u0103tatea unui program. Clasa preg\u0103titoare va avea un dublu rol: pe de o parte de consolidare a cuno\u015ftin\u0163elor deja dob\u00e2ndite \u015fi, pe de alt\u0103 parte, de socializare \u015fi adaptare la schimbare. \u00cen clasa preg\u0103titoare, copiii \u00ee\u015fi formeaz\u0103 abilit\u0103\u0163i \u00een comunicare, aten\u0163ie, limbaj, dezvoltare cognitiv\u0103, fizic\u0103 \u015fi socio-emo\u0163ional\u0103. Ei vor reu\u015fi s\u0103 se adapteze la situa\u0163ii noi, s\u0103 stabileasc\u0103 rela\u021bii cu copiii de v\u00e2rsta lor, s\u0103 g\u00e2ndeasc\u0103 logic, s\u0103-\u0219i gestioneze singuri timpul \u0219i efortul.<\/p>\n<p>La clasa preg\u0103titoare, activitatea instructiv-educativ\u0103 trebuie s\u0103 fie o aventur\u0103 fascinant\u0103, care s\u0103 le st\u00e2rneasc\u0103 copiilor curiozitatea \u015fi aten\u021bia. Procesul de \u00eenv\u0103\u0163are \u015fi activit\u0103\u0163ile din cadrul orelor trebuie s\u0103 \u0163inteasc\u0103 zona proximei dezvolt\u0103ri \u015fi s\u0103 urm\u0103reasc\u0103 principii importante. Copiii \u00eenva\u0163\u0103 prin joc (jocul trebuie&nbsp; valorificat ca modalitate de abordare \u00een toate&nbsp; disciplinele), prin sarcini individuale, prin sarcini \u00een perechi, \u00een grupuri mai mici sau cu \u00eentregul colectiv. Sunt folosite materiale speciale, auditive, vizuale \u015fi tactile, ce ajut\u0103 la memorizarea informa\u0163iilor.<\/p>\n<p style=\"text-align: center;\"><span style=\"color: #ff0000;\">\u00ceNSCRIERI \u00ceN CLASA PREG\u0102TITOARE<\/span><\/p>\n<p style=\"text-align: center;\"><span style=\"color: #ff0000;\">31 martie \u201406 mai 2026<\/span><\/p>\n<p>Completarea cererilor-tip de \u00eenscriere de c\u0103tre p\u0103rin\u021bi\/tutori legal institui\u021bi\/reprezentan\u021bi legali, online sau la unitatea de \u00eenv\u0103\u021b\u0103m\u00e2nt la care solicit\u0103 \u00eenscrierea copiilor<\/p>\n<p style=\"text-align: center;\">ACTE NECESARE \u00ceNSCRIERII<\/p>\n<ol>\n<li>CERERE-TIP (se g\u0103se\u0219te la secretariatul \u0219colii) care se completeaz\u0103 c\u00e2nd se \u00eenscrie copilul;<\/li>\n<li>COPIE \u0218I ORIGINAL- carte identitate p\u0103rinte care face \u00eenscrierea<\/li>\n<li>COPIE \u0218I ORIGINAL certificat de na\u0219tere copil<\/li>\n<li>REZULTATUL evalu\u0103rii pshihosomatice(care va \u00eencepe \u00een 16 martie 2026) DOAR pentru copiii care \u00eemplinesc 6 ani \u00een perioada 1 septembrie-31 decembrie 2026 \u0219i NU AU frecventat gr\u0103dini\u021ba sau care s-au \u00eentors din str\u0103in\u0103tate, pe baza unei adeverin\u021be de la medicul de familie\/specialist prin care atest\u0103 c\u0103 pre\u0219colarul este \u201cclinic s\u0103n\u0103tos\u201d, \u201capt pentru \u0219colarizare\u201d.<\/li>\n<li>RECOMANDARE de la gr\u0103dini\u021b\u0103 pentru copiii care \u00eemplinesc 6 ani \u00een perioada 1 septembrie- 31 decembrie 2026, pe baza cererii depuse la gr\u0103dini\u021b\u0103!<\/li>\n<li>ADEVERIN\u021a\u0102 de la medicul de familie\/specialist prin care se atest\u0103 faptul c\u0103 pre\u0219colarul este \u201cclinic s\u0103n\u0103tos\u201d, \u201capt pentru \u0219colarizare\u201d;<\/li>\n<\/ol>\n<p><span style=\"color: #ff0000;\">VOR FI EVALUA\u0162I,<strong><br \/>\n<\/strong>DOAR copiii care \u00eemplinesc 6 ani \u00een perioada 1 septembrie &#8211; 31 decembrie 2026<\/span><br \/>\n\u0219i se afl\u0103 \u00een una dintre urm\u0103toarele situa\u021bii:<br \/>\n\u2022 nu au frecventat gr\u0103dini\u021ba,<strong><br \/>\n<\/strong>\u2022 s-au \u00eentors din str\u0103in\u0103tate.<\/p>\n<p>&nbsp;<\/p>\n<p>Mai multe informa\u021bii la secretariatul unit\u0103\u021bii, telefon 0260623518!<\/p>\n<p><strong>V\u0103 a\u015ftept\u0103m cu drag!<\/strong><\/p>\n<p>&nbsp;<\/p>\n<p>&nbsp;<\/p>\n","protected":false},"excerpt":{"rendered":"<p>&nbsp; Stima\u021bi p\u0103rin\u021bi ai copiilor din grupa mare ! &nbsp; VRE\u021aI S\u0102 V\u0102 JUCA\u021aI, S\u0102 \u00ceNV\u0102\u021aA\u021aI, S\u0102 EXPLORA\u021aI \u0218I S\u0102 V\u0102 PETRECE\u021aI TIMPUL CU NOI? V\u0102 A\u0218TEPT\u0102M S\u0102 V\u0102 AL\u0102TURA\u021aI&nbsp; CLASEI PREG\u0102TITOARE DIN INCINTA \u0218COLII GIMNAZIALE \u201cSIMION B\u0102RNU\u021aIU\u201dBOC\u0218A, PRIN \u00ceNSCRIERE LA SECRETARIATUL \u0218COLII Clasa preg\u0103titoare&nbsp;\u00eenl\u0103tur\u0103 trecerea brutal\u0103 de la gr\u0103dini\u0163\u0103 la \u015fcoal\u0103. Rolul&nbsp;clasei preg\u0103titoare&nbsp;este acela&hellip;&nbsp;<a href=\"https:\/\/www.scoalabocsa.ro\/?page_id=112\" class=\"\" rel=\"bookmark\">Cite\u0219te mai mult &raquo;<span class=\"screen-reader-text\">Informatii utile pentru parinti<\/span><\/a><\/p>\n","protected":false},"author":1,"featured_media":0,"parent":6,"menu_order":5,"comment_status":"closed","ping_status":"closed","template":"","meta":{"neve_meta_sidebar":"","neve_meta_container":"","neve_meta_enable_content_width":"off","neve_meta_content_width":100,"neve_meta_title_alignment":"","neve_meta_author_avatar":"","neve_post_elements_order":"","neve_meta_disable_header":"","neve_meta_disable_footer":"","neve_meta_disable_title":"","ngg_post_thumbnail":0,"footnotes":""},"class_list":["post-112","page","type-page","status-publish","hentry"],"_links":{"self":[{"href":"https:\/\/www.scoalabocsa.ro\/index.php?rest_route=\/wp\/v2\/pages\/112","targetHints":{"allow":["GET"]}}],"collection":[{"href":"https:\/\/www.scoalabocsa.ro\/index.php?rest_route=\/wp\/v2\/pages"}],"about":[{"href":"https:\/\/www.scoalabocsa.ro\/index.php?rest_route=\/wp\/v2\/types\/page"}],"author":[{"embeddable":true,"href":"https:\/\/www.scoalabocsa.ro\/index.php?rest_route=\/wp\/v2\/users\/1"}],"replies":[{"embeddable":true,"href":"https:\/\/www.scoalabocsa.ro\/index.php?rest_route=%2Fwp%2Fv2%2Fcomments&post=112"}],"version-history":[{"count":48,"href":"https:\/\/www.scoalabocsa.ro\/index.php?rest_route=\/wp\/v2\/pages\/112\/revisions"}],"predecessor-version":[{"id":4366,"href":"https:\/\/www.scoalabocsa.ro\/index.php?rest_route=\/wp\/v2\/pages\/112\/revisions\/4366"}],"up":[{"embeddable":true,"href":"https:\/\/www.scoalabocsa.ro\/index.php?rest_route=\/wp\/v2\/pages\/6"}],"wp:attachment":[{"href":"https:\/\/www.scoalabocsa.ro\/index.php?rest_route=%2Fwp%2Fv2%2Fmedia&parent=112"}],"curies":[{"name":"wp","href":"https:\/\/api.w.org\/{rel}","templated":true}]}}